{"id":509,"date":"2018-09-18T15:51:38","date_gmt":"2018-09-18T19:51:38","guid":{"rendered":"https:\/\/www.germain-frere.com\/?page_id=509"},"modified":"2022-03-07T10:59:45","modified_gmt":"2022-03-07T15:59:45","slug":"about","status":"publish","type":"page","link":"https:\/\/www.germain-frere.com\/en\/about\/","title":{"rendered":"About"},"content":{"rendered":"<section class=\"l-section wpb_row height_large with_img parallax_ver\"><div class=\"l-section-img\" role=\"img\" data-img-width=\"1920\" data-img-height=\"1080\" style=\"background-image: url(https:\/\/www.germain-frere.com\/wp-content\/uploads\/2018\/05\/germain-frere-hero.jpg);\"><\/div><div class=\"l-section-h i-cf\"><div class=\"g-cols vc_row via_flex valign_top type_default stacking_default\"><div class=\"vc_col-sm-12 wpb_column vc_column_container has_text_color\"><div class=\"vc_column-inner us_custom_5758ad17\"><div class=\"wpb_wrapper\"><div class=\"wpb_text_column\"><div class=\"wpb_wrapper\"><h1 style=\"text-align: center;\">About<\/h1>\n<\/div><\/div><\/div><\/div><\/div><\/div><\/div><\/section><section class=\"l-section wpb_row height_large\" id=\"valeurs\"><div class=\"l-section-h i-cf\"><div class=\"g-cols vc_row via_flex valign_middle type_default stacking_default\"><div class=\"vc_col-sm-1 wpb_column vc_column_container\"><div class=\"vc_column-inner\"><div class=\"wpb_wrapper\"><div class=\"w-separator size_custom\" style=\"height:32px\"><\/div><\/div><\/div><\/div><div class=\"vc_col-sm-5 wpb_column vc_column_container\"><div class=\"vc_column-inner us_custom_0734a79c\"><div class=\"wpb_wrapper\"><div class=\"wpb_text_column\"><div class=\"wpb_wrapper\"><h2 style=\"text-align: center;\">Values<\/h2>\n<\/div><\/div><div class=\"w-separator size_custom\" style=\"height:32px\"><\/div><div class=\"wpb_text_column\"><div class=\"wpb_wrapper\"><h5>Passion<\/h5>\n<p>It is at first glance by passion to solve multiple problems of air treatment that we surpass ourselves in our profession for more than a century.<\/p>\n<\/div><\/div><div class=\"w-separator size_medium\"><\/div><div class=\"wpb_text_column\"><div class=\"wpb_wrapper\"><h5>Openness<\/h5>\n<p>We embrace open management where the integration of stakeholders and our employees into projects remains the basic premise.<\/p>\n<\/div><\/div><div class=\"w-separator size_medium\"><\/div><div class=\"wpb_text_column\"><div class=\"wpb_wrapper\"><h5>Integrity<\/h5>\n<p>Is one of the core values of our team and our shareholders group. We perform daily promoting honesty, respect, transparency and ethics.<\/p>\n<\/div><\/div><div class=\"w-separator size_medium\"><\/div><div class=\"wpb_text_column\"><div class=\"wpb_wrapper\"><h5>Commitment to excellence<\/h5>\n<p>These three values \u200b\u200blead to a fourth that has propelled our company and all of our businesses since 1904.<\/p>\n<\/div><\/div><\/div><\/div><\/div><div class=\"vc_col-sm-1 wpb_column vc_column_container\"><div class=\"vc_column-inner\"><div class=\"wpb_wrapper\"><div class=\"w-separator size_custom\" style=\"height:32px\"><\/div><\/div><\/div><\/div><div class=\"vc_col-sm-4 wpb_column vc_column_container has_bg_color\"><div class=\"vc_column-inner us_custom_566e66ec\"><div class=\"wpb_wrapper\"><div class=\"w-separator size_custom\" style=\"height:400px\"><\/div><\/div><\/div><\/div><div class=\"vc_col-sm-1 wpb_column vc_column_container\"><div class=\"vc_column-inner\"><div class=\"wpb_wrapper\"><div class=\"w-separator size_custom\" style=\"height:32px\"><\/div><\/div><\/div><\/div><\/div><\/div><\/section><section class=\"l-section wpb_row height_large with_img parallax_ver\" id=\"mission\"><div class=\"l-section-img\" role=\"img\" data-img-width=\"1920\" data-img-height=\"1080\" style=\"background-image: url(https:\/\/www.germain-frere.com\/wp-content\/uploads\/2018\/05\/germain-frere-hero.jpg);\"><\/div><div class=\"l-section-h i-cf\"><div class=\"g-cols vc_row via_flex valign_top type_default stacking_default\"><div class=\"vc_col-sm-1 wpb_column vc_column_container\"><div class=\"vc_column-inner\"><div class=\"wpb_wrapper\"><div class=\"w-separator size_custom\" style=\"height:32px\"><\/div><\/div><\/div><\/div><div class=\"vc_col-sm-6 wpb_column vc_column_container has_text_color\"><div class=\"vc_column-inner us_custom_5758ad17\"><div class=\"wpb_wrapper\"><div class=\"wpb_text_column\"><div class=\"wpb_wrapper\"><h2>Mission<\/h2>\n<\/div><\/div><div class=\"w-separator size_custom\" style=\"height:16px\"><\/div><div class=\"wpb_text_column\"><div class=\"wpb_wrapper\"><p>Accompany our customers by providing them with century-old expertise and the highest quality service in the form of turnkey solutions including engineering, manufacturing and installation, in order to fully realize their investment project.<\/p>\n<p>Our basic principle since 1904:<\/p>\n<p><em><strong>&#8221; Do not spare anything to satisfy the customer &#8220;<\/strong><br \/>\n<\/em>Azarias Germain, Founder of Germain et Fr\u00e8re<\/p>\n<\/div><\/div><\/div><\/div><\/div><div class=\"vc_col-sm-4 wpb_column vc_column_container\"><div class=\"vc_column-inner\"><div class=\"wpb_wrapper\"><div class=\"w-separator size_custom\" style=\"height:32px\"><\/div><\/div><\/div><\/div><div class=\"vc_col-sm-1 wpb_column vc_column_container\"><div class=\"vc_column-inner\"><div class=\"wpb_wrapper\"><div class=\"w-separator size_custom\" style=\"height:32px\"><\/div><\/div><\/div><\/div><\/div><\/div><\/section><section class=\"l-section wpb_row height_large\" id=\"vision\"><div class=\"l-section-h i-cf\"><div class=\"g-cols vc_row via_flex valign_top type_default stacking_default\"><div class=\"vc_col-sm-2 wpb_column vc_column_container\"><div class=\"vc_column-inner\"><div class=\"wpb_wrapper\"><div class=\"w-separator size_custom\" style=\"height:32px\"><\/div><\/div><\/div><\/div><div class=\"vc_col-sm-8 wpb_column vc_column_container\"><div class=\"vc_column-inner us_custom_0734a79c\"><div class=\"wpb_wrapper\"><div class=\"wpb_text_column\"><div class=\"wpb_wrapper\"><h2 style=\"text-align: center;\">Vision<\/h2>\n<\/div><\/div><div class=\"w-separator size_custom\" style=\"height:16px\"><\/div><div class=\"wpb_text_column\"><div class=\"wpb_wrapper\"><p>Our vision is to be a North American leader in building mechanics engineering related to industrial HVAC systems and industrial process air handling to contribute to our customers&#8217; success.<\/p>\n<\/div><\/div><\/div><\/div><\/div><div class=\"vc_col-sm-2 wpb_column vc_column_container\"><div class=\"vc_column-inner\"><div class=\"wpb_wrapper\"><div class=\"w-separator size_custom\" style=\"height:32px\"><\/div><\/div><\/div><\/div><\/div><\/div><\/section><section class=\"l-section wpb_row height_large color_alternate\" id=\"historique\"><div class=\"l-section-h i-cf\"><div class=\"g-cols vc_row via_flex valign_top type_default stacking_default\"><div class=\"vc_col-sm-2 wpb_column vc_column_container\"><div class=\"vc_column-inner\"><div class=\"wpb_wrapper\"><div class=\"w-separator size_custom\" style=\"height:32px\"><\/div><\/div><\/div><\/div><div class=\"vc_col-sm-8 wpb_column vc_column_container\"><div class=\"vc_column-inner us_custom_0734a79c\"><div class=\"wpb_wrapper\"><div class=\"wpb_text_column\"><div class=\"wpb_wrapper\"><h2 style=\"text-align: center;\">Historic<\/h2>\n<\/div><\/div><div class=\"w-separator size_custom\" style=\"height:16px\"><\/div><div class=\"smile-icon-timeline-wrap csstime   \"   data-time_block_bg_color=\"#ffffff\"  style=\"\"><div class=\"timeline-line \" style=\"border-right-color:;\"><span><\/span><\/div><div class=\"timeline-wrapper\"><div class=\"timeline-block \"><div class=\"timeline-dot\"><\/div><div class=\"ult-timeline-arrow\"><s><\/s><l><\/l><\/div><div class=\"timeline-icon-block\"><div class=\"ult-timeline-icon tl-icon-no-bg\" style=\"   \"><\/div> <!-- icon --><\/div><div class=\"timeline-header-block\" >\n\t\t\t\t\t\t\t<div id=\"timeline-item-8044\" class=\"timeline-header\" style=\"\"><h3 class=\"ult-timeline-title ult-responsive\"  data-ultimate-target='#timeline-item-8044 .ult-timeline-title'  data-responsive-json-new='{\"font-size\":\"\",\"line-height\":\"\"}'  style=\"\"><\/h3><div class=\"ult-responsive timeline-item-spt\"  data-ultimate-target='#timeline-item-8044 .timeline-item-spt'  data-responsive-json-new='{\"font-size\":\"\",\"line-height\":\"\"}'  style=\"\">\n<h6><img loading=\"lazy\" decoding=\"async\" class=\"size-medium wp-image-337 alignleft\" src=\"https:\/\/www.germain-frere.com\/wp-content\/uploads\/2018\/09\/Fondateur-Azarias-Germain-1904-225x300.jpg\" alt=\"\" width=\"225\" height=\"300\" srcset=\"https:\/\/www.germain-frere.com\/wp-content\/uploads\/2018\/09\/Fondateur-Azarias-Germain-1904-225x300.jpg 225w, https:\/\/www.germain-frere.com\/wp-content\/uploads\/2018\/09\/Fondateur-Azarias-Germain-1904.jpg 450w\" sizes=\"(max-width: 225px) 100vw, 225px\" \/>1904<\/h6>\n<p>Foundation of the company in Trois-Rivi\u00e8res by Mr. Azarias Germain. At this time, the company specializes in plumbing.<\/div><\/div> <!-- header --><\/div><\/div><div class=\"timeline-block \"><div class=\"timeline-dot\"><\/div><div class=\"ult-timeline-arrow\"><s><\/s><l><\/l><\/div><div class=\"timeline-icon-block\"><div class=\"ult-timeline-icon tl-icon-no-bg\" style=\"   \"><\/div> <!-- icon --><\/div><div class=\"timeline-header-block\" >\n\t\t\t\t\t\t\t<div id=\"timeline-item-7253\" class=\"timeline-header\" style=\"\"><h3 class=\"ult-timeline-title ult-responsive\"  data-ultimate-target='#timeline-item-7253 .ult-timeline-title'  data-responsive-json-new='{\"font-size\":\"\",\"line-height\":\"\"}'  style=\"\"><\/h3><div class=\"ult-responsive timeline-item-spt\"  data-ultimate-target='#timeline-item-7253 .timeline-item-spt'  data-responsive-json-new='{\"font-size\":\"\",\"line-height\":\"\"}'  style=\"\">\n<h6><img loading=\"lazy\" decoding=\"async\" class=\"alignnone size-medium wp-image-341\" src=\"https:\/\/www.germain-frere.com\/wp-content\/uploads\/2018\/09\/Logo-1904-300x289.png\" alt=\"\" width=\"300\" height=\"289\" srcset=\"https:\/\/www.germain-frere.com\/wp-content\/uploads\/2018\/09\/Logo-1904-300x289.png 300w, https:\/\/www.germain-frere.com\/wp-content\/uploads\/2018\/09\/Logo-1904.png 368w\" sizes=\"(max-width: 300px) 100vw, 300px\" \/><\/h6>\n<\/div><\/div> <!-- header --><\/div><\/div><div class=\"timeline-block \"><div class=\"timeline-dot\"><\/div><div class=\"ult-timeline-arrow\"><s><\/s><l><\/l><\/div><div class=\"timeline-icon-block\"><div class=\"ult-timeline-icon tl-icon-no-bg\" style=\"   \"><\/div> <!-- icon --><\/div><div class=\"timeline-header-block\" >\n\t\t\t\t\t\t\t<div id=\"timeline-item-4383\" class=\"timeline-header\" style=\"\"><h3 class=\"ult-timeline-title ult-responsive\"  data-ultimate-target='#timeline-item-4383 .ult-timeline-title'  data-responsive-json-new='{\"font-size\":\"\",\"line-height\":\"\"}'  style=\"\"><\/h3><div class=\"ult-responsive timeline-item-spt\"  data-ultimate-target='#timeline-item-4383 .timeline-item-spt'  data-responsive-json-new='{\"font-size\":\"\",\"line-height\":\"\"}'  style=\"\">\n<h6><img loading=\"lazy\" decoding=\"async\" class=\"alignleft size-medium wp-image-347\" src=\"https:\/\/www.germain-frere.com\/wp-content\/uploads\/2018\/09\/1908-214x300.jpg\" alt=\"\" width=\"214\" height=\"300\" srcset=\"https:\/\/www.germain-frere.com\/wp-content\/uploads\/2018\/09\/1908-214x300.jpg 214w, https:\/\/www.germain-frere.com\/wp-content\/uploads\/2018\/09\/1908.jpg 642w\" sizes=\"(max-width: 214px) 100vw, 214px\" \/>1908<\/h6>\n<p>The fire destroys the center of Trois-Rivi\u00e8res including our workshops which is rebuilt in 1910 where it still based today.<\/div><\/div> <!-- header --><\/div><\/div><div class=\"timeline-block \"><div class=\"timeline-dot\"><\/div><div class=\"ult-timeline-arrow\"><s><\/s><l><\/l><\/div><div class=\"timeline-icon-block\"><div class=\"ult-timeline-icon tl-icon-no-bg\" style=\"   \"><\/div> <!-- icon --><\/div><div class=\"timeline-header-block\" >\n\t\t\t\t\t\t\t<div id=\"timeline-item-2331\" class=\"timeline-header\" style=\"\"><h3 class=\"ult-timeline-title ult-responsive\"  data-ultimate-target='#timeline-item-2331 .ult-timeline-title'  data-responsive-json-new='{\"font-size\":\"\",\"line-height\":\"\"}'  style=\"\"><\/h3><div class=\"ult-responsive timeline-item-spt\"  data-ultimate-target='#timeline-item-2331 .timeline-item-spt'  data-responsive-json-new='{\"font-size\":\"\",\"line-height\":\"\"}'  style=\"\">\n<h6><img loading=\"lazy\" decoding=\"async\" class=\"size-full wp-image-349 alignnone\" src=\"https:\/\/www.germain-frere.com\/wp-content\/uploads\/2018\/09\/Tuyauterie-et-soudage-1912.jpg\" alt=\"\" width=\"384\" height=\"226\" srcset=\"https:\/\/www.germain-frere.com\/wp-content\/uploads\/2018\/09\/Tuyauterie-et-soudage-1912.jpg 384w, https:\/\/www.germain-frere.com\/wp-content\/uploads\/2018\/09\/Tuyauterie-et-soudage-1912-300x177.jpg 300w\" sizes=\"(max-width: 384px) 100vw, 384px\" \/><\/h6>\n<h6>1912<\/h6>\n<p>The company starts working for the pulp and paper industry and carries out important work during the construction of the Wayagamack News Print now Kruger Wayagamack.<\/div><\/div> <!-- header --><\/div><\/div><div class=\"timeline-block \"><div class=\"timeline-dot\"><\/div><div class=\"ult-timeline-arrow\"><s><\/s><l><\/l><\/div><div class=\"timeline-icon-block\"><div class=\"ult-timeline-icon tl-icon-no-bg\" style=\"   \"><\/div> <!-- icon --><\/div><div class=\"timeline-header-block\" >\n\t\t\t\t\t\t\t<div id=\"timeline-item-8512\" class=\"timeline-header\" style=\"\"><h3 class=\"ult-timeline-title ult-responsive\"  data-ultimate-target='#timeline-item-8512 .ult-timeline-title'  data-responsive-json-new='{\"font-size\":\"\",\"line-height\":\"\"}'  style=\"\"><\/h3><div class=\"ult-responsive timeline-item-spt\"  data-ultimate-target='#timeline-item-8512 .timeline-item-spt'  data-responsive-json-new='{\"font-size\":\"\",\"line-height\":\"\"}'  style=\"\">\n<h6><img loading=\"lazy\" decoding=\"async\" class=\"size-full wp-image-345 alignnone\" src=\"https:\/\/www.germain-frere.com\/wp-content\/uploads\/2018\/09\/Conduit-1913-1932.jpg\" alt=\"\" width=\"384\" height=\"226\" srcset=\"https:\/\/www.germain-frere.com\/wp-content\/uploads\/2018\/09\/Conduit-1913-1932.jpg 384w, https:\/\/www.germain-frere.com\/wp-content\/uploads\/2018\/09\/Conduit-1913-1932-300x177.jpg 300w\" sizes=\"(max-width: 384px) 100vw, 384px\" \/><\/h6>\n<h6>1913 &#8211; 1932<\/h6>\n<p>The company adds to its expertise the heating, ventilation and roofing of government buildings. During these years, it carries out plumbing, heating and ventilation works for several railway stations, churches and hospitals.<\/div><\/div> <!-- header --><\/div><\/div><div class=\"timeline-block \"><div class=\"timeline-dot\"><\/div><div class=\"ult-timeline-arrow\"><s><\/s><l><\/l><\/div><div class=\"timeline-icon-block\"><div class=\"ult-timeline-icon tl-icon-no-bg\" style=\"   \"><\/div> <!-- icon --><\/div><div class=\"timeline-header-block\" >\n\t\t\t\t\t\t\t<div id=\"timeline-item-9920\" class=\"timeline-header\" style=\"\"><h3 class=\"ult-timeline-title ult-responsive\"  data-ultimate-target='#timeline-item-9920 .ult-timeline-title'  data-responsive-json-new='{\"font-size\":\"\",\"line-height\":\"\"}'  style=\"\"><\/h3><div class=\"ult-responsive timeline-item-spt\"  data-ultimate-target='#timeline-item-9920 .timeline-item-spt'  data-responsive-json-new='{\"font-size\":\"\",\"line-height\":\"\"}'  style=\"\">\n<h6><img loading=\"lazy\" decoding=\"async\" class=\"size-medium wp-image-353 alignnone\" src=\"https:\/\/www.germain-frere.com\/wp-content\/uploads\/2018\/09\/1940-1-300x233.jpg\" alt=\"\" width=\"300\" height=\"233\" srcset=\"https:\/\/www.germain-frere.com\/wp-content\/uploads\/2018\/09\/1940-1-300x233.jpg 300w, https:\/\/www.germain-frere.com\/wp-content\/uploads\/2018\/09\/1940-1.jpg 750w\" sizes=\"(max-width: 300px) 100vw, 300px\" \/><\/h6>\n<h6>1939 &#8211; 1945<\/h6>\n<p>The company contributes to the war effort by carrying out large-scale work in military camps and ammunition factories.<\/div><\/div> <!-- header --><\/div><\/div><div class=\"timeline-block \"><div class=\"timeline-dot\"><\/div><div class=\"ult-timeline-arrow\"><s><\/s><l><\/l><\/div><div class=\"timeline-icon-block\"><div class=\"ult-timeline-icon tl-icon-no-bg\" style=\"   \"><\/div> <!-- icon --><\/div><div class=\"timeline-header-block\" >\n\t\t\t\t\t\t\t<div id=\"timeline-item-3177\" class=\"timeline-header\" style=\"\"><h3 class=\"ult-timeline-title ult-responsive\"  data-ultimate-target='#timeline-item-3177 .ult-timeline-title'  data-responsive-json-new='{\"font-size\":\"\",\"line-height\":\"\"}'  style=\"\"><\/h3><div class=\"ult-responsive timeline-item-spt\"  data-ultimate-target='#timeline-item-3177 .timeline-item-spt'  data-responsive-json-new='{\"font-size\":\"\",\"line-height\":\"\"}'  style=\"\">\n<h6><img loading=\"lazy\" decoding=\"async\" class=\"size-medium wp-image-355 alignnone\" src=\"https:\/\/www.germain-frere.com\/wp-content\/uploads\/2018\/09\/Hotte-machine-a-papier-1945-1980-300x225.jpg\" alt=\"\" width=\"300\" height=\"225\" srcset=\"https:\/\/www.germain-frere.com\/wp-content\/uploads\/2018\/09\/Hotte-machine-a-papier-1945-1980-300x225.jpg 300w, https:\/\/www.germain-frere.com\/wp-content\/uploads\/2018\/09\/Hotte-machine-a-papier-1945-1980.jpg 750w\" sizes=\"(max-width: 300px) 100vw, 300px\" \/><\/h6>\n<h6>1945 &#8211; 1980<\/h6>\n<p>The company positions itself as a manufacturer of ventilation, refrigeration, sheet metal, mechanical manufacturing or repair, plumbing, heating or roofing equipment. It expands its scope to ship and sell in Ontario, New Brunswick, British Columbia and all of Quebec.<\/div><\/div> <!-- header --><\/div><\/div><div class=\"timeline-block \"><div class=\"timeline-dot\"><\/div><div class=\"ult-timeline-arrow\"><s><\/s><l><\/l><\/div><div class=\"timeline-icon-block\"><div class=\"ult-timeline-icon tl-icon-no-bg\" style=\"   \"><\/div> <!-- icon --><\/div><div class=\"timeline-header-block\" >\n\t\t\t\t\t\t\t<div id=\"timeline-item-6352\" class=\"timeline-header\" style=\"\"><h3 class=\"ult-timeline-title ult-responsive\"  data-ultimate-target='#timeline-item-6352 .ult-timeline-title'  data-responsive-json-new='{\"font-size\":\"\",\"line-height\":\"\"}'  style=\"\"><\/h3><div class=\"ult-responsive timeline-item-spt\"  data-ultimate-target='#timeline-item-6352 .timeline-item-spt'  data-responsive-json-new='{\"font-size\":\"\",\"line-height\":\"\"}'  style=\"\">\n<h6><img loading=\"lazy\" decoding=\"async\" class=\"size-medium wp-image-357 alignnone\" src=\"https:\/\/www.germain-frere.com\/wp-content\/uploads\/2018\/09\/Logo-1980-2015-300x111.png\" alt=\"\" width=\"300\" height=\"111\" srcset=\"https:\/\/www.germain-frere.com\/wp-content\/uploads\/2018\/09\/Logo-1980-2015-300x111.png 300w, https:\/\/www.germain-frere.com\/wp-content\/uploads\/2018\/09\/Logo-1980-2015-768x285.png 768w, https:\/\/www.germain-frere.com\/wp-content\/uploads\/2018\/09\/Logo-1980-2015.png 876w\" sizes=\"(max-width: 300px) 100vw, 300px\" \/><\/h6>\n<h6>1980 &#8211; 2015<\/h6>\n<p>The company is now the reference in terms of industrial air treatment and consolidates its position in the pulp and paper industry in addition to developing the mining sector, agribusiness, petrochemical and the steel sector.<\/div><\/div> <!-- header --><\/div><\/div><div class=\"timeline-block \"><div class=\"timeline-dot\"><\/div><div class=\"ult-timeline-arrow\"><s><\/s><l><\/l><\/div><div class=\"timeline-icon-block\"><div class=\"ult-timeline-icon tl-icon-no-bg\" style=\"   \"><\/div> <!-- icon --><\/div><div class=\"timeline-header-block\" >\n\t\t\t\t\t\t\t<div id=\"timeline-item-8862\" class=\"timeline-header\" style=\"\"><h3 class=\"ult-timeline-title ult-responsive\"  data-ultimate-target='#timeline-item-8862 .ult-timeline-title'  data-responsive-json-new='{\"font-size\":\"\",\"line-height\":\"\"}'  style=\"\"><\/h3><div class=\"ult-responsive timeline-item-spt\"  data-ultimate-target='#timeline-item-8862 .timeline-item-spt'  data-responsive-json-new='{\"font-size\":\"\",\"line-height\":\"\"}'  style=\"\">\n<h6><img loading=\"lazy\" decoding=\"async\" class=\"size-medium wp-image-359 alignnone\" src=\"https:\/\/www.germain-frere.com\/wp-content\/uploads\/2018\/09\/Logo-2017-300x142.jpg\" alt=\"\" width=\"300\" height=\"142\" srcset=\"https:\/\/www.germain-frere.com\/wp-content\/uploads\/2018\/09\/Logo-2017-300x142.jpg 300w, https:\/\/www.germain-frere.com\/wp-content\/uploads\/2018\/09\/Logo-2017-768x363.jpg 768w, https:\/\/www.germain-frere.com\/wp-content\/uploads\/2018\/09\/Logo-2017.jpg 1005w\" sizes=\"(max-width: 300px) 100vw, 300px\" \/><\/h6>\n<h6>Today<\/h6>\n<p>The company is now headed by Mr. L\u00e9on M\u00e9thot, Claude Germain, Kevin Bartlett &amp; Philippe Valli\u00e8res. The strategic vision of our four shareholders is to build on these 100 years of existence and propel the company as a leader in industrial HVAC systems and industrial air treatment.<\/div><\/div> <!-- header --><\/div><\/div><\/div><\/div><\/div><\/div><\/div><div class=\"vc_col-sm-2 wpb_column vc_column_container\"><div class=\"vc_column-inner\"><div class=\"wpb_wrapper\"><div class=\"w-separator size_custom\" style=\"height:32px\"><\/div><\/div><\/div><\/div><\/div><\/div><\/section><section class=\"l-section wpb_row height_large\" id=\"sante-securite\"><div class=\"l-section-h i-cf\"><div class=\"g-cols vc_row via_flex valign_middle type_default stacking_default\"><div class=\"vc_col-sm-1 wpb_column vc_column_container\"><div class=\"vc_column-inner\"><div class=\"wpb_wrapper\"><div class=\"w-separator size_custom\" style=\"height:32px\"><\/div><\/div><\/div><\/div><div class=\"vc_col-sm-4 wpb_column vc_column_container\"><div class=\"vc_column-inner us_custom_0734a79c\"><div class=\"wpb_wrapper\"><div class=\"wpb_text_column\"><div class=\"wpb_wrapper\"><h2>Health and safety<\/h2>\n<\/div><\/div><div class=\"w-separator size_custom\" style=\"height:16px\"><\/div><div class=\"wpb_text_column\"><div class=\"wpb_wrapper\"><p>Both in construction and in the factory, the health and safety of our employees is at the heart of the concerns of Germain et Fr\u00e8re.<\/p>\n<p>Our priority is to ensure the well-being and protection of our workers and customers in all the environments in which we operate.<\/p>\n<p>We also have a comprehensive plant and worksite response plan that includes a continuing education program and comprehensive health and safety procedures and policies that are supported by the employer.<\/p>\n<\/div><\/div><\/div><\/div><\/div><div class=\"vc_col-sm-1 wpb_column vc_column_container\"><div class=\"vc_column-inner\"><div class=\"wpb_wrapper\"><div class=\"w-separator size_custom\" style=\"height:32px\"><\/div><\/div><\/div><\/div><div class=\"vc_col-sm-5 wpb_column vc_column_container has_bg_color\"><div class=\"vc_column-inner us_custom_1d0cdd69\"><div class=\"wpb_wrapper\"><div class=\"w-separator size_custom\" style=\"height:400px\"><\/div><\/div><\/div><\/div><div class=\"vc_col-sm-1 wpb_column vc_column_container\"><div class=\"vc_column-inner\"><div class=\"wpb_wrapper\"><div class=\"w-separator size_custom\" style=\"height:32px\"><\/div><\/div><\/div><\/div><\/div><\/div><\/section><section class=\"l-section wpb_row height_large\" id=\"environnement-qualite\"><div class=\"l-section-h i-cf\"><div class=\"g-cols vc_row via_flex valign_middle type_default stacking_default\"><div class=\"vc_col-sm-1 wpb_column vc_column_container\"><div class=\"vc_column-inner\"><div class=\"wpb_wrapper\"><div class=\"w-separator size_custom\" style=\"height:32px\"><\/div><\/div><\/div><\/div><div class=\"vc_col-sm-5 wpb_column vc_column_container has_bg_color\"><div class=\"vc_column-inner us_custom_dbf869d7\"><div class=\"wpb_wrapper\"><div class=\"w-separator size_custom\" style=\"height:400px\"><\/div><\/div><\/div><\/div><div class=\"vc_col-sm-1 wpb_column vc_column_container\"><div class=\"vc_column-inner\"><div class=\"wpb_wrapper\"><div class=\"w-separator size_custom\" style=\"height:32px\"><\/div><\/div><\/div><\/div><div class=\"vc_col-sm-4 wpb_column vc_column_container\"><div class=\"vc_column-inner us_custom_0734a79c\"><div class=\"wpb_wrapper\"><div class=\"wpb_text_column\"><div class=\"wpb_wrapper\"><h2>Environment and Quality<\/h2>\n<\/div><\/div><div class=\"w-separator size_custom\" style=\"height:16px\"><\/div><div class=\"wpb_text_column\"><div class=\"wpb_wrapper\"><p>We adopt a firm policy and we demand nothing less than excellence in respect for the environment and the quality of our achievements.<\/p>\n<p>Our goal is to put forward proactive management practices that meet the highest environmental standards in the industry.<\/p>\n<p>Our priority is to offer a quality service at a competitive price for each of the projects we undertake.<\/p>\n<\/div><\/div><\/div><\/div><\/div><div class=\"vc_col-sm-1 wpb_column vc_column_container\"><div class=\"vc_column-inner\"><div class=\"wpb_wrapper\"><div class=\"w-separator size_custom\" style=\"height:32px\"><\/div><\/div><\/div><\/div><\/div><\/div><\/section>\n","protected":false},"excerpt":{"rendered":"About Values Passion It is at first glance by passion to solve multiple problems of air treatment that we surpass ourselves in our profession for more than a century. Openness We embrace open management where the integration of stakeholders and our employees into projects remains the basic premise. Integrity Is one of the core values...","protected":false},"author":1,"featured_media":0,"parent":0,"menu_order":0,"comment_status":"closed","ping_status":"closed","template":"","meta":{"inline_featured_image":false,"footnotes":""},"_links":{"self":[{"href":"https:\/\/www.germain-frere.com\/en\/wp-json\/wp\/v2\/pages\/509"}],"collection":[{"href":"https:\/\/www.germain-frere.com\/en\/wp-json\/wp\/v2\/pages"}],"about":[{"href":"https:\/\/www.germain-frere.com\/en\/wp-json\/wp\/v2\/types\/page"}],"author":[{"embeddable":true,"href":"https:\/\/www.germain-frere.com\/en\/wp-json\/wp\/v2\/users\/1"}],"replies":[{"embeddable":true,"href":"https:\/\/www.germain-frere.com\/en\/wp-json\/wp\/v2\/comments?post=509"}],"version-history":[{"count":1,"href":"https:\/\/www.germain-frere.com\/en\/wp-json\/wp\/v2\/pages\/509\/revisions"}],"predecessor-version":[{"id":1002,"href":"https:\/\/www.germain-frere.com\/en\/wp-json\/wp\/v2\/pages\/509\/revisions\/1002"}],"wp:attachment":[{"href":"https:\/\/www.germain-frere.com\/en\/wp-json\/wp\/v2\/media?parent=509"}],"curies":[{"name":"wp","href":"https:\/\/api.w.org\/{rel}","templated":true}]}}